{"id":188,"date":"2023-02-17T07:54:19","date_gmt":"2023-02-17T07:54:19","guid":{"rendered":"https:\/\/johnfranco.ch\/?page_id=188"},"modified":"2024-03-15T21:25:22","modified_gmt":"2024-03-15T21:25:22","slug":"info","status":"publish","type":"page","link":"https:\/\/johnfranco.ch\/e\/info\/","title":{"rendered":"Info"},"content":{"rendered":"<div data-elementor-type=\"wp-page\" data-elementor-id=\"188\" class=\"elementor elementor-188\" data-elementor-post-type=\"page\">\n\t\t\t\t\t\t<section class=\"elementor-section elementor-top-section elementor-element elementor-element-d6ab134 elementor-section-full_width elementor-section-height-min-height elementor-section-height-default elementor-section-items-middle\" data-id=\"d6ab134\" data-element_type=\"section\" data-e-type=\"section\">\n\t\t\t\t\t\t<div class=\"elementor-container elementor-column-gap-default\">\n\t\t\t\t\t<div class=\"elementor-column elementor-col-100 elementor-top-column elementor-element elementor-element-844abfd\" data-id=\"844abfd\" data-element_type=\"column\" data-e-type=\"column\">\n\t\t\t<div class=\"elementor-widget-wrap elementor-element-populated\">\n\t\t\t\t\t\t<div class=\"elementor-element elementor-element-13face0 elementor-widget elementor-widget-heading\" data-id=\"13face0\" data-element_type=\"widget\" data-e-type=\"widget\" data-widget_type=\"heading.default\">\n\t\t\t\t<div class=\"elementor-widget-container\">\n\t\t\t\t\t<h2 class=\"elementor-heading-title elementor-size-default\">JOHN FRANCO<\/h2>\t\t\t\t<\/div>\n\t\t\t\t<\/div>\n\t\t\t\t<div class=\"elementor-element elementor-element-4e98a47 elementor-nav-menu--dropdown-tablet_extra elementor-nav-menu__align-start elementor-nav-menu__text-align-aside elementor-nav-menu--toggle elementor-nav-menu--burger elementor-widget elementor-widget-nav-menu\" data-id=\"4e98a47\" data-element_type=\"widget\" data-e-type=\"widget\" data-settings=\"{&quot;layout&quot;:&quot;horizontal&quot;,&quot;submenu_icon&quot;:{&quot;value&quot;:&quot;&lt;i class=\\&quot;fas fa-caret-down\\&quot; aria-hidden=\\&quot;true\\&quot;&gt;&lt;\\\/i&gt;&quot;,&quot;library&quot;:&quot;fa-solid&quot;},&quot;toggle&quot;:&quot;burger&quot;}\" data-widget_type=\"nav-menu.default\">\n\t\t\t\t<div class=\"elementor-widget-container\">\n\t\t\t\t\t\t\t\t<nav aria-label=\"Menu\" class=\"elementor-nav-menu--main elementor-nav-menu__container elementor-nav-menu--layout-horizontal e--pointer-background e--animation-fade\">\n\t\t\t\t<ul id=\"menu-1-4e98a47\" class=\"elementor-nav-menu\"><li class=\"menu-item menu-item-type-post_type menu-item-object-page menu-item-home menu-item-162\"><a href=\"https:\/\/johnfranco.ch\/e\/\" class=\"elementor-item\">John Franco<\/a><\/li>\n<li class=\"menu-item menu-item-type-post_type menu-item-object-page menu-item-190\"><a href=\"https:\/\/johnfranco.ch\/e\/info\/\" class=\"elementor-item\">Info<\/a><\/li>\n<li class=\"menu-item menu-item-type-post_type menu-item-object-page menu-item-235\"><a href=\"https:\/\/johnfranco.ch\/e\/portfolio\/\" class=\"elementor-item\">Portfolio<\/a><\/li>\n<li class=\"menu-item menu-item-type-post_type menu-item-object-page menu-item-382\"><a href=\"https:\/\/johnfranco.ch\/e\/kontakt\/\" class=\"elementor-item\">Contact<\/a><\/li>\n<li class=\"trp-language-switcher-container menu-item menu-item-type-post_type menu-item-object-language_switcher current-language-menu-item menu-item-479\"><a href=\"https:\/\/johnfranco.ch\/e\/wp-json\/wp\/v2\/pages\/188\" class=\"elementor-item elementor-item-anchor\"><span data-no-translation><span class=\"trp-ls-language-name\">E<\/span><\/span><\/a><\/li>\n<li class=\"trp-language-switcher-container menu-item menu-item-type-post_type menu-item-object-language_switcher current-language-menu-item menu-item-480\"><a href=\"https:\/\/johnfranco.ch\/e\/wp-json\/wp\/v2\/pages\/188\" class=\"elementor-item elementor-item-anchor\"><span data-no-translation><span class=\"trp-ls-language-name\">D<\/span><\/span><\/a><\/li>\n<\/ul>\t\t\t<\/nav>\n\t\t\t\t\t<div class=\"elementor-menu-toggle\" role=\"button\" tabindex=\"0\" aria-label=\"Menu Toggle\" aria-expanded=\"false\">\n\t\t\t<i aria-hidden=\"true\" role=\"presentation\" class=\"elementor-menu-toggle__icon--open eicon-menu-bar\"><\/i><i aria-hidden=\"true\" role=\"presentation\" class=\"elementor-menu-toggle__icon--close eicon-close\"><\/i>\t\t<\/div>\n\t\t\t\t\t<nav class=\"elementor-nav-menu--dropdown elementor-nav-menu__container\" aria-hidden=\"true\">\n\t\t\t\t<ul id=\"menu-2-4e98a47\" class=\"elementor-nav-menu\"><li class=\"menu-item menu-item-type-post_type menu-item-object-page menu-item-home menu-item-162\"><a href=\"https:\/\/johnfranco.ch\/e\/\" class=\"elementor-item\" tabindex=\"-1\">John Franco<\/a><\/li>\n<li class=\"menu-item menu-item-type-post_type menu-item-object-page menu-item-190\"><a href=\"https:\/\/johnfranco.ch\/e\/info\/\" class=\"elementor-item\" tabindex=\"-1\">Info<\/a><\/li>\n<li class=\"menu-item menu-item-type-post_type menu-item-object-page menu-item-235\"><a href=\"https:\/\/johnfranco.ch\/e\/portfolio\/\" class=\"elementor-item\" tabindex=\"-1\">Portfolio<\/a><\/li>\n<li class=\"menu-item menu-item-type-post_type menu-item-object-page menu-item-382\"><a href=\"https:\/\/johnfranco.ch\/e\/kontakt\/\" class=\"elementor-item\" tabindex=\"-1\">Contact<\/a><\/li>\n<li class=\"trp-language-switcher-container menu-item menu-item-type-post_type menu-item-object-language_switcher current-language-menu-item menu-item-479\"><a href=\"https:\/\/johnfranco.ch\/e\/wp-json\/wp\/v2\/pages\/188\" class=\"elementor-item elementor-item-anchor\" tabindex=\"-1\"><span data-no-translation><span class=\"trp-ls-language-name\">E<\/span><\/span><\/a><\/li>\n<li class=\"trp-language-switcher-container menu-item menu-item-type-post_type menu-item-object-language_switcher current-language-menu-item menu-item-480\"><a href=\"https:\/\/johnfranco.ch\/e\/wp-json\/wp\/v2\/pages\/188\" class=\"elementor-item elementor-item-anchor\" tabindex=\"-1\"><span data-no-translation><span class=\"trp-ls-language-name\">D<\/span><\/span><\/a><\/li>\n<\/ul>\t\t\t<\/nav>\n\t\t\t\t\t\t<\/div>\n\t\t\t\t<\/div>\n\t\t\t\t\t<\/div>\n\t\t<\/div>\n\t\t\t\t\t<\/div>\n\t\t<\/section>\n\t\t\t\t<section class=\"elementor-section elementor-top-section elementor-element elementor-element-10d72d4 elementor-section-full_width elementor-section-height-min-height elementor-section-height-default elementor-section-items-middle\" data-id=\"10d72d4\" data-element_type=\"section\" data-e-type=\"section\" data-settings=\"{&quot;background_background&quot;:&quot;classic&quot;}\">\n\t\t\t\t\t\t<div class=\"elementor-container elementor-column-gap-default\">\n\t\t\t\t\t<div class=\"elementor-column elementor-col-100 elementor-top-column elementor-element elementor-element-1a5cf46\" data-id=\"1a5cf46\" data-element_type=\"column\" data-e-type=\"column\">\n\t\t\t<div class=\"elementor-widget-wrap elementor-element-populated\">\n\t\t\t\t\t\t<div class=\"elementor-element elementor-element-6e9c610 elementor-shape-square elementor-grid-1 e-grid-align-right e-grid-align-laptop-right e-grid-align-tablet-right elementor-widget elementor-widget-social-icons\" data-id=\"6e9c610\" data-element_type=\"widget\" data-e-type=\"widget\" data-widget_type=\"social-icons.default\">\n\t\t\t\t<div class=\"elementor-widget-container\">\n\t\t\t\t\t\t\t<div class=\"elementor-social-icons-wrapper elementor-grid\" role=\"list\">\n\t\t\t\t\t\t\t<span class=\"elementor-grid-item\" role=\"listitem\">\n\t\t\t\t\t<a class=\"elementor-icon elementor-social-icon elementor-social-icon-facebook elementor-repeater-item-f55c964\" href=\"https:\/\/www.facebook.com\/people\/John-Franco\/pfbid02BoCjFqFUjdBcw9sAubaXcxHrZDahk2bd7NWDaKpNpXUzavbXP7yKYaCAm69gnqnyl\/\" target=\"_blank\">\n\t\t\t\t\t\t<span class=\"elementor-screen-only\">Facebook<\/span>\n\t\t\t\t\t\t<i aria-hidden=\"true\" class=\"fab fa-facebook\"><\/i>\t\t\t\t\t<\/a>\n\t\t\t\t<\/span>\n\t\t\t\t\t\t\t<span class=\"elementor-grid-item\" role=\"listitem\">\n\t\t\t\t\t<a class=\"elementor-icon elementor-social-icon elementor-social-icon-instagram elementor-repeater-item-90205e5\" href=\"https:\/\/www.instagram.com\/johnfranco.official\/\" target=\"_blank\">\n\t\t\t\t\t\t<span class=\"elementor-screen-only\">Instagram<\/span>\n\t\t\t\t\t\t<i aria-hidden=\"true\" class=\"fab fa-instagram\"><\/i>\t\t\t\t\t<\/a>\n\t\t\t\t<\/span>\n\t\t\t\t\t\t\t<span class=\"elementor-grid-item\" role=\"listitem\">\n\t\t\t\t\t<a class=\"elementor-icon elementor-social-icon elementor-social-icon-tiktok elementor-repeater-item-a7795da\" href=\"https:\/\/www.tiktok.com\/@johnfranco.official\" target=\"_blank\">\n\t\t\t\t\t\t<span class=\"elementor-screen-only\">Tiktok<\/span>\n\t\t\t\t\t\t<i aria-hidden=\"true\" class=\"fab fa-tiktok\"><\/i>\t\t\t\t\t<\/a>\n\t\t\t\t<\/span>\n\t\t\t\t\t<\/div>\n\t\t\t\t\t\t<\/div>\n\t\t\t\t<\/div>\n\t\t\t\t\t<\/div>\n\t\t<\/div>\n\t\t\t\t\t<\/div>\n\t\t<\/section>\n\t\t\t\t<section class=\"elementor-section elementor-top-section elementor-element elementor-element-1ca5afa elementor-section-full_width elementor-section-height-min-height elementor-section-height-default elementor-section-items-middle\" data-id=\"1ca5afa\" data-element_type=\"section\" data-e-type=\"section\">\n\t\t\t\t\t\t<div class=\"elementor-container elementor-column-gap-default\">\n\t\t\t\t\t<div class=\"elementor-column elementor-col-50 elementor-top-column elementor-element elementor-element-552a556 elementor-hidden-mobile_extra elementor-hidden-mobile\" data-id=\"552a556\" data-element_type=\"column\" data-e-type=\"column\">\n\t\t\t<div class=\"elementor-widget-wrap\">\n\t\t\t\t\t\t\t<\/div>\n\t\t<\/div>\n\t\t\t\t<div class=\"elementor-column elementor-col-50 elementor-top-column elementor-element elementor-element-2f69564\" data-id=\"2f69564\" data-element_type=\"column\" data-e-type=\"column\">\n\t\t\t<div class=\"elementor-widget-wrap elementor-element-populated\">\n\t\t\t\t\t\t<div class=\"elementor-element elementor-element-619ea3f elementor-widget elementor-widget-heading\" data-id=\"619ea3f\" data-element_type=\"widget\" data-e-type=\"widget\" data-widget_type=\"heading.default\">\n\t\t\t\t<div class=\"elementor-widget-container\">\n\t\t\t\t\t<h2 class=\"elementor-heading-title elementor-size-default\">Born in Hohenems, Austria , Franco Johann Baumann discovered the male modeling industry in the early 90s. Franco moved to Munich in 1993 to work as a model for Munich Models and K\u00fcnstlerdienst Munich. Soon after, he was booked as a dressman for various fashion shows and television appearances. Franco was the first male model at Munich Models and received an exclusive one-year contract. After this time he walked at various trade shows in Germany, Austria and Switzerland. Franco is married and has two children. Due to his new look, requests for photo shoots are now piling up. At almost 50 years old, John Franco is now ready for something new and presents himself as a Foto Age model.<\/h2>\t\t\t\t<\/div>\n\t\t\t\t<\/div>\n\t\t\t\t\t<\/div>\n\t\t<\/div>\n\t\t\t\t\t<\/div>\n\t\t<\/section>\n\t\t\t\t<footer class=\"elementor-section elementor-top-section elementor-element elementor-element-7850665 elementor-section-height-min-height elementor-section-content-middle elementor-section-full_width elementor-reverse-mobile elementor-section-height-default elementor-section-items-middle\" data-id=\"7850665\" data-element_type=\"section\" data-e-type=\"section\" data-settings=\"{&quot;background_background&quot;:&quot;classic&quot;,&quot;animation&quot;:&quot;none&quot;}\">\n\t\t\t\t\t\t<div class=\"elementor-container elementor-column-gap-default\">\n\t\t\t\t\t<div class=\"elementor-column elementor-col-50 elementor-top-column elementor-element elementor-element-5d313d7\" data-id=\"5d313d7\" data-element_type=\"column\" data-e-type=\"column\">\n\t\t\t<div class=\"elementor-widget-wrap elementor-element-populated\">\n\t\t\t\t\t\t<div class=\"elementor-element elementor-element-3e32729 elementor-widget__width-initial elementor-widget-mobile__width-inherit elementor-widget elementor-widget-image\" data-id=\"3e32729\" data-element_type=\"widget\" data-e-type=\"widget\" data-widget_type=\"image.default\">\n\t\t\t\t<div class=\"elementor-widget-container\">\n\t\t\t\t\t\t\t\t\t\t\t\t\t\t\t\t<a href=\"https:\/\/optikonzept.ch\/\" target=\"_blank\">\n\t\t\t\t\t\t\t<img fetchpriority=\"high\" decoding=\"async\" width=\"1171\" height=\"163\" src=\"https:\/\/johnfranco.ch\/wp-content\/uploads\/2024\/03\/Design-by-optikonzept-weiss.png\" class=\"attachment-full size-full wp-image-1265\" alt=\"\" srcset=\"https:\/\/johnfranco.ch\/wp-content\/uploads\/2024\/03\/Design-by-optikonzept-weiss.png 1171w, https:\/\/johnfranco.ch\/wp-content\/uploads\/2024\/03\/Design-by-optikonzept-weiss-300x42.png 300w, https:\/\/johnfranco.ch\/wp-content\/uploads\/2024\/03\/Design-by-optikonzept-weiss-1024x143.png 1024w, https:\/\/johnfranco.ch\/wp-content\/uploads\/2024\/03\/Design-by-optikonzept-weiss-768x107.png 768w, https:\/\/johnfranco.ch\/wp-content\/uploads\/2024\/03\/Design-by-optikonzept-weiss-18x3.png 18w\" sizes=\"(max-width: 1171px) 100vw, 1171px\" \/>\t\t\t\t\t\t\t\t<\/a>\n\t\t\t\t\t\t\t\t\t\t\t\t\t\t\t<\/div>\n\t\t\t\t<\/div>\n\t\t\t\t\t<\/div>\n\t\t<\/div>\n\t\t\t\t<div class=\"elementor-column elementor-col-50 elementor-top-column elementor-element elementor-element-a54db9e\" data-id=\"a54db9e\" data-element_type=\"column\" data-e-type=\"column\">\n\t\t\t<div class=\"elementor-widget-wrap elementor-element-populated\">\n\t\t\t\t\t\t<div class=\"elementor-element elementor-element-90a50c4 elementor-widget elementor-widget-heading\" data-id=\"90a50c4\" data-element_type=\"widget\" data-e-type=\"widget\" data-widget_type=\"heading.default\">\n\t\t\t\t<div class=\"elementor-widget-container\">\n\t\t\t\t\t<p class=\"elementor-heading-title elementor-size-default\">\/02<\/p>\t\t\t\t<\/div>\n\t\t\t\t<\/div>\n\t\t\t\t\t<\/div>\n\t\t<\/div>\n\t\t\t\t\t<\/div>\n\t\t<\/footer>\n\t\t\t\t<\/div>","protected":false},"excerpt":{"rendered":"<p>JOHN FRANCO Facebook Instagram Tiktok Der in Hohenems, \u00d6sterreich , geborene Franco Johann Baumann hat die m\u00e4nnliche Modelbranche in den Anf\u00e4ngen der 90ern entdeckt. Franco zog 1993 nach M\u00fcnchen, um f\u00fcr Munich Models und den K\u00fcnstlerdienst M\u00fcnchen als Model zu arbeiten. Bald darauf wurde er als Dressman f\u00fcr verschiedene Modeshows und Fernsehauftritte gebucht. Franco war [&hellip;]<\/p>\n","protected":false},"author":1,"featured_media":280,"parent":0,"menu_order":0,"comment_status":"closed","ping_status":"closed","template":"elementor_canvas","meta":{"footnotes":""},"class_list":["post-188","page","type-page","status-publish","has-post-thumbnail","hentry"],"yoast_head":"<!-- This site is optimized with the Yoast SEO plugin v27.4 - https:\/\/yoast.com\/product\/yoast-seo-wordpress\/ -->\n<title>Age Model John Franco \u2013 ein Mann mit spannendem \u00c4usseren.<\/title>\n<meta name=\"description\" content=\"Engagieren Sie das Age Model John Franco f\u00fcr s\u00e4mtliche Bereiche. F\u00fcr Magazine, Kataloge, Plakate oder Werbespots.\" \/>\n<meta name=\"robots\" content=\"index, follow, max-snippet:-1, max-image-preview:large, max-video-preview:-1\" \/>\n<link rel=\"canonical\" href=\"https:\/\/johnfranco.ch\/e\/info\/\" \/>\n<meta property=\"og:locale\" content=\"en_US\" \/>\n<meta property=\"og:type\" content=\"article\" \/>\n<meta property=\"og:title\" content=\"Age Model John Franco \u2013 ein Mann mit spannendem \u00c4usseren.\" \/>\n<meta property=\"og:description\" content=\"Engagieren Sie das Age Model John Franco f\u00fcr s\u00e4mtliche Bereiche. F\u00fcr Magazine, Kataloge, Plakate oder Werbespots.\" \/>\n<meta property=\"og:url\" content=\"https:\/\/johnfranco.ch\/e\/info\/\" \/>\n<meta property=\"og:site_name\" content=\"John Franco\" \/>\n<meta property=\"article:publisher\" content=\"https:\/\/www.facebook.com\/people\/John-Franco\/pfbid07mc1n23v4bUXoCCb4bxwXdzCXSPabBZSwF9D12SEwMQoNAir9RChs2kApAfWtLkyl\/\" \/>\n<meta property=\"article:modified_time\" content=\"2024-03-15T21:25:22+00:00\" \/>\n<meta property=\"og:image\" content=\"https:\/\/johnfranco.ch\/wp-content\/uploads\/2023\/02\/JUCAN-menswear-high-res-223-1.jpg\" \/>\n\t<meta property=\"og:image:width\" content=\"1889\" \/>\n\t<meta property=\"og:image:height\" content=\"1225\" \/>\n\t<meta property=\"og:image:type\" content=\"image\/jpeg\" \/>\n<meta name=\"twitter:card\" content=\"summary_large_image\" \/>\n<meta name=\"twitter:label1\" content=\"Est. reading time\" \/>\n\t<meta name=\"twitter:data1\" content=\"1 minute\" \/>\n<script type=\"application\/ld+json\" class=\"yoast-schema-graph\">{\"@context\":\"https:\\\/\\\/schema.org\",\"@graph\":[{\"@type\":\"WebPage\",\"@id\":\"https:\\\/\\\/johnfranco.ch\\\/info\\\/\",\"url\":\"https:\\\/\\\/johnfranco.ch\\\/info\\\/\",\"name\":\"Age Model John Franco \u2013 ein Mann mit spannendem \u00c4usseren.\",\"isPartOf\":{\"@id\":\"https:\\\/\\\/johnfranco.ch\\\/#website\"},\"primaryImageOfPage\":{\"@id\":\"https:\\\/\\\/johnfranco.ch\\\/info\\\/#primaryimage\"},\"image\":{\"@id\":\"https:\\\/\\\/johnfranco.ch\\\/info\\\/#primaryimage\"},\"thumbnailUrl\":\"https:\\\/\\\/johnfranco.ch\\\/wp-content\\\/uploads\\\/2023\\\/02\\\/JUCAN-menswear-high-res-223-1.jpg\",\"datePublished\":\"2023-02-17T07:54:19+00:00\",\"dateModified\":\"2024-03-15T21:25:22+00:00\",\"description\":\"Engagieren Sie das Age Model John Franco f\u00fcr s\u00e4mtliche Bereiche. F\u00fcr Magazine, Kataloge, Plakate oder Werbespots.\",\"breadcrumb\":{\"@id\":\"https:\\\/\\\/johnfranco.ch\\\/info\\\/#breadcrumb\"},\"inLanguage\":\"en-US\",\"potentialAction\":[{\"@type\":\"ReadAction\",\"target\":[\"https:\\\/\\\/johnfranco.ch\\\/info\\\/\"]}]},{\"@type\":\"ImageObject\",\"inLanguage\":\"en-US\",\"@id\":\"https:\\\/\\\/johnfranco.ch\\\/info\\\/#primaryimage\",\"url\":\"https:\\\/\\\/johnfranco.ch\\\/wp-content\\\/uploads\\\/2023\\\/02\\\/JUCAN-menswear-high-res-223-1.jpg\",\"contentUrl\":\"https:\\\/\\\/johnfranco.ch\\\/wp-content\\\/uploads\\\/2023\\\/02\\\/JUCAN-menswear-high-res-223-1.jpg\",\"width\":1889,\"height\":1225},{\"@type\":\"BreadcrumbList\",\"@id\":\"https:\\\/\\\/johnfranco.ch\\\/info\\\/#breadcrumb\",\"itemListElement\":[{\"@type\":\"ListItem\",\"position\":1,\"name\":\"Startseite\",\"item\":\"https:\\\/\\\/johnfranco.ch\\\/\"},{\"@type\":\"ListItem\",\"position\":2,\"name\":\"Info\"}]},{\"@type\":\"WebSite\",\"@id\":\"https:\\\/\\\/johnfranco.ch\\\/#website\",\"url\":\"https:\\\/\\\/johnfranco.ch\\\/\",\"name\":\"John Franco\",\"description\":\"Digital Sedcard\",\"publisher\":{\"@id\":\"https:\\\/\\\/johnfranco.ch\\\/#\\\/schema\\\/person\\\/4354f21558f20678d386bacc3f4dc392\"},\"potentialAction\":[{\"@type\":\"SearchAction\",\"target\":{\"@type\":\"EntryPoint\",\"urlTemplate\":\"https:\\\/\\\/johnfranco.ch\\\/?s={search_term_string}\"},\"query-input\":{\"@type\":\"PropertyValueSpecification\",\"valueRequired\":true,\"valueName\":\"search_term_string\"}}],\"inLanguage\":\"en-US\"},{\"@type\":[\"Person\",\"Organization\"],\"@id\":\"https:\\\/\\\/johnfranco.ch\\\/#\\\/schema\\\/person\\\/4354f21558f20678d386bacc3f4dc392\",\"name\":\"baumann\",\"image\":{\"@type\":\"ImageObject\",\"inLanguage\":\"en-US\",\"@id\":\"https:\\\/\\\/secure.gravatar.com\\\/avatar\\\/03e4646b948f7ad5b08084820f38815a07801213191ab94df9f42683d85b438a?s=96&d=mm&r=g\",\"url\":\"https:\\\/\\\/secure.gravatar.com\\\/avatar\\\/03e4646b948f7ad5b08084820f38815a07801213191ab94df9f42683d85b438a?s=96&d=mm&r=g\",\"contentUrl\":\"https:\\\/\\\/secure.gravatar.com\\\/avatar\\\/03e4646b948f7ad5b08084820f38815a07801213191ab94df9f42683d85b438a?s=96&d=mm&r=g\",\"caption\":\"baumann\"},\"logo\":{\"@id\":\"https:\\\/\\\/secure.gravatar.com\\\/avatar\\\/03e4646b948f7ad5b08084820f38815a07801213191ab94df9f42683d85b438a?s=96&d=mm&r=g\"},\"sameAs\":[\"https:\\\/\\\/johnfranco.ch\",\"https:\\\/\\\/www.facebook.com\\\/people\\\/John-Franco\\\/pfbid07mc1n23v4bUXoCCb4bxwXdzCXSPabBZSwF9D12SEwMQoNAir9RChs2kApAfWtLkyl\\\/\",\"https:\\\/\\\/www.instagram.com\\\/johnfranco.official\\\/\"]}]}<\/script>\n<!-- \/ Yoast SEO plugin. -->","yoast_head_json":{"title":"Age Model John Franco \u2013 ein Mann mit spannendem \u00c4usseren.","description":"Engagieren Sie das Age Model John Franco f\u00fcr s\u00e4mtliche Bereiche. F\u00fcr Magazine, Kataloge, Plakate oder Werbespots.","robots":{"index":"index","follow":"follow","max-snippet":"max-snippet:-1","max-image-preview":"max-image-preview:large","max-video-preview":"max-video-preview:-1"},"canonical":"https:\/\/johnfranco.ch\/e\/info\/","og_locale":"en_US","og_type":"article","og_title":"Age Model John Franco \u2013 ein Mann mit spannendem \u00c4usseren.","og_description":"Engagieren Sie das Age Model John Franco f\u00fcr s\u00e4mtliche Bereiche. F\u00fcr Magazine, Kataloge, Plakate oder Werbespots.","og_url":"https:\/\/johnfranco.ch\/e\/info\/","og_site_name":"John Franco","article_publisher":"https:\/\/www.facebook.com\/people\/John-Franco\/pfbid07mc1n23v4bUXoCCb4bxwXdzCXSPabBZSwF9D12SEwMQoNAir9RChs2kApAfWtLkyl\/","article_modified_time":"2024-03-15T21:25:22+00:00","og_image":[{"width":1889,"height":1225,"url":"https:\/\/johnfranco.ch\/wp-content\/uploads\/2023\/02\/JUCAN-menswear-high-res-223-1.jpg","type":"image\/jpeg"}],"twitter_card":"summary_large_image","twitter_misc":{"Est. reading time":"1 minute"},"schema":{"@context":"https:\/\/schema.org","@graph":[{"@type":"WebPage","@id":"https:\/\/johnfranco.ch\/info\/","url":"https:\/\/johnfranco.ch\/info\/","name":"Age Model John Franco \u2013 ein Mann mit spannendem \u00c4usseren.","isPartOf":{"@id":"https:\/\/johnfranco.ch\/#website"},"primaryImageOfPage":{"@id":"https:\/\/johnfranco.ch\/info\/#primaryimage"},"image":{"@id":"https:\/\/johnfranco.ch\/info\/#primaryimage"},"thumbnailUrl":"https:\/\/johnfranco.ch\/wp-content\/uploads\/2023\/02\/JUCAN-menswear-high-res-223-1.jpg","datePublished":"2023-02-17T07:54:19+00:00","dateModified":"2024-03-15T21:25:22+00:00","description":"Engagieren Sie das Age Model John Franco f\u00fcr s\u00e4mtliche Bereiche. F\u00fcr Magazine, Kataloge, Plakate oder Werbespots.","breadcrumb":{"@id":"https:\/\/johnfranco.ch\/info\/#breadcrumb"},"inLanguage":"en-US","potentialAction":[{"@type":"ReadAction","target":["https:\/\/johnfranco.ch\/info\/"]}]},{"@type":"ImageObject","inLanguage":"en-US","@id":"https:\/\/johnfranco.ch\/info\/#primaryimage","url":"https:\/\/johnfranco.ch\/wp-content\/uploads\/2023\/02\/JUCAN-menswear-high-res-223-1.jpg","contentUrl":"https:\/\/johnfranco.ch\/wp-content\/uploads\/2023\/02\/JUCAN-menswear-high-res-223-1.jpg","width":1889,"height":1225},{"@type":"BreadcrumbList","@id":"https:\/\/johnfranco.ch\/info\/#breadcrumb","itemListElement":[{"@type":"ListItem","position":1,"name":"Startseite","item":"https:\/\/johnfranco.ch\/"},{"@type":"ListItem","position":2,"name":"Info"}]},{"@type":"WebSite","@id":"https:\/\/johnfranco.ch\/#website","url":"https:\/\/johnfranco.ch\/","name":"John Franco","description":"Digital Sedcard","publisher":{"@id":"https:\/\/johnfranco.ch\/#\/schema\/person\/4354f21558f20678d386bacc3f4dc392"},"potentialAction":[{"@type":"SearchAction","target":{"@type":"EntryPoint","urlTemplate":"https:\/\/johnfranco.ch\/?s={search_term_string}"},"query-input":{"@type":"PropertyValueSpecification","valueRequired":true,"valueName":"search_term_string"}}],"inLanguage":"en-US"},{"@type":["Person","Organization"],"@id":"https:\/\/johnfranco.ch\/#\/schema\/person\/4354f21558f20678d386bacc3f4dc392","name":"baumann","image":{"@type":"ImageObject","inLanguage":"en-US","@id":"https:\/\/secure.gravatar.com\/avatar\/03e4646b948f7ad5b08084820f38815a07801213191ab94df9f42683d85b438a?s=96&d=mm&r=g","url":"https:\/\/secure.gravatar.com\/avatar\/03e4646b948f7ad5b08084820f38815a07801213191ab94df9f42683d85b438a?s=96&d=mm&r=g","contentUrl":"https:\/\/secure.gravatar.com\/avatar\/03e4646b948f7ad5b08084820f38815a07801213191ab94df9f42683d85b438a?s=96&d=mm&r=g","caption":"baumann"},"logo":{"@id":"https:\/\/secure.gravatar.com\/avatar\/03e4646b948f7ad5b08084820f38815a07801213191ab94df9f42683d85b438a?s=96&d=mm&r=g"},"sameAs":["https:\/\/johnfranco.ch","https:\/\/www.facebook.com\/people\/John-Franco\/pfbid07mc1n23v4bUXoCCb4bxwXdzCXSPabBZSwF9D12SEwMQoNAir9RChs2kApAfWtLkyl\/","https:\/\/www.instagram.com\/johnfranco.official\/"]}]}},"_links":{"self":[{"href":"https:\/\/johnfranco.ch\/e\/wp-json\/wp\/v2\/pages\/188","targetHints":{"allow":["GET"]}}],"collection":[{"href":"https:\/\/johnfranco.ch\/e\/wp-json\/wp\/v2\/pages"}],"about":[{"href":"https:\/\/johnfranco.ch\/e\/wp-json\/wp\/v2\/types\/page"}],"author":[{"embeddable":true,"href":"https:\/\/johnfranco.ch\/e\/wp-json\/wp\/v2\/users\/1"}],"replies":[{"embeddable":true,"href":"https:\/\/johnfranco.ch\/e\/wp-json\/wp\/v2\/comments?post=188"}],"version-history":[{"count":234,"href":"https:\/\/johnfranco.ch\/e\/wp-json\/wp\/v2\/pages\/188\/revisions"}],"predecessor-version":[{"id":1359,"href":"https:\/\/johnfranco.ch\/e\/wp-json\/wp\/v2\/pages\/188\/revisions\/1359"}],"wp:featuredmedia":[{"embeddable":true,"href":"https:\/\/johnfranco.ch\/e\/wp-json\/wp\/v2\/media\/280"}],"wp:attachment":[{"href":"https:\/\/johnfranco.ch\/e\/wp-json\/wp\/v2\/media?parent=188"}],"curies":[{"name":"wp","href":"https:\/\/api.w.org\/{rel}","templated":true}]}}